{"id":7312,"date":"2019-02-13T22:15:38","date_gmt":"2019-02-14T03:15:38","guid":{"rendered":"https:\/\/tattoovoodoo.com\/?page_id=7312"},"modified":"2019-02-13T22:39:43","modified_gmt":"2019-02-14T03:39:43","slug":"choosing-a-good-tattoo-artist","status":"publish","type":"page","link":"https:\/\/tattoovoodoo.com\/en\/choosing-a-good-tattoo-artist\/","title":{"rendered":"Choosing a good tattoo artist"},"content":{"rendered":"<div class=\"wpb-content-wrapper\"><p>[vc_row equal_height=&#8221;&#8221; background_type=&#8221;image&#8221; background_effect=&#8221;fixed&#8221; background_img_lazyload=&#8221;1&#8243; add_overlay=&#8221;yes&#8221; overlay_opacity=&#8221;80&#8243; shift_y=&#8221;0&#8243; z_index=&#8221;0&#8243;][vc_column text_alignment=&#8221;center&#8221; shift_x=&#8221;0&#8243; shift_y=&#8221;0&#8243; z_index=&#8221;0&#8243;][vc_row_inner][vc_column_inner][vc_empty_space height=&#8221;70&#8243;][vc_icon media_type=&#8221;animated_icon&#8221; animated_icon_lineaicons=&#8221;linea-basic-pin1&#8243; animated_icon_color=&#8221;accent&#8221; size=&#8221;fa-5x&#8221;][vc_custom_heading text=&#8221;Choosing a talented Tattoo artist&#8221; font_size=&#8221;48&#8243; min_font_size=&#8221;18&#8243; font_weight=&#8221;700&#8243; css_animation=&#8221;fadeInUp&#8221;][vc_separator el_width=&#8221;50&#8243; el_height=&#8221;3&#8243; color=&#8221;accent&#8221;][vc_column_text]<span style=\"font-family: helvetica, arial, sans-serif; font-size: 14pt;\">Choose <strong><em>Tattoo Voodoo Studio<\/em><\/strong> from Granby.<br \/>\n<\/span><\/p>\n<p class=\"p1\">Now that you have chosen a clean and secure studio, you need to know how talented the artists are.<\/p>\n<ul>\n<li style=\"text-align: left;\">Ask to see their portfolio as well as the photos and the drawings of the tattoo they have done.<\/li>\n<li style=\"text-align: left;\">The photos must be clear to be able to see the details of the tattoos.\u00a0 Photos from magazines are not acceptable unless they are photos of the tattoos done by the artist in question.<\/li>\n<li style=\"text-align: left;\">Observe the quality of the lines and the color and determine if the style of the artist pleases you.\u00a0 If the artist does not have a portfolio, it may be because the artist does not have much experience.\u00a0 Do not take the risk, tattoos are permanent and you do not want a bad tattoo.<\/li>\n<li style=\"text-align: left;\">Discuss with the artist what you would like, you will see if you get along well with the artist.\u00a0 After all, you will be in the company of the artist for a good amount of time : you should feel comfortable with the person.<\/li>\n<li style=\"text-align: left;\">The studio should have a good collection of flash (drawings), but do not hesitate to bring your own ideas, drawings or sketches.\u00a0 The artist should be able to prepare the drawing how you want it.\u00a0 That\u2019s what is best for you!!<\/li>\n<\/ul>\n<p class=\"p1\">Book an appointment<br \/>\nStudios that respect all sterilization procedures at cleanliness often work upon appointment.<\/p>\n<p class=\"p1\">You must permit yourself to be patient enough to wait a few weeks or even a few months before getting your tattoo.<br \/>\nYou will be sure of the quality of your tattoo that you will proudly wear for the rest of your life.<\/p>\n<p class=\"p1\">A deposit is asked for when booking your appointment. (This deposit is non-refundable)<br \/>\nBooking an appointment is a serious matter !<br \/>\n100$ (+tx) per hours<\/p>\n<p>Before your appointment, eat a good meal : you will need the energy.<br \/>\nBring some of your favourite music and relax, have confidence in your tattoo artist.<\/p>\n<p>Good tattooing![\/vc_column_text][\/vc_column_inner][\/vc_row_inner][\/vc_column][\/vc_row]<\/p>\n<\/div>","protected":false},"excerpt":{"rendered":"<p>[vc_row equal_height=&#8221;&#8221; background_type=&#8221;image&#8221; background_effect=&#8221;fixed&#8221; background_img_lazyload=&#8221;1&#8243; add_overlay=&#8221;yes&#8221; overlay_opacity=&#8221;80&#8243; shift_y=&#8221;0&#8243; z_index=&#8221;0&#8243;][vc_column text_alignment=&#8221;center&#8221; shift_x=&#8221;0&#8243; shift_y=&#8221;0&#8243; z_index=&#8221;0&#8243;][vc_row_inner][vc_column_inner][vc_empty_space height=&#8221;70&#8243;][vc_icon media_type=&#8221;animated_icon&#8221; animated_icon_lineaicons=&#8221;linea-basic-pin1&#8243; animated_icon_color=&#8221;accent&#8221; size=&#8221;fa-5x&#8221;][vc_custom_heading text=&#8221;Choosing a talented Tattoo artist&#8221; font_size=&#8221;48&#8243; min_font_size=&#8221;18&#8243; font_weight=&#8221;700&#8243; css_animation=&#8221;fadeInUp&#8221;][vc_separator el_width=&#8221;50&#8243; el_height=&#8221;3&#8243; color=&#8221;accent&#8221;][vc_column_text]Choose Tattoo Voodoo Studio from Granby. Now that you have chosen a clean and secure studio, you need to know how talented the artists are. Ask&#8230;<\/p>\n<p><a rel=\"bookmark\" class=\"hares_button_alt wvc-button wvc-button-size-xs\" href=\"https:\/\/tattoovoodoo.com\/en\/choosing-a-good-tattoo-artist\/\"><span>Continue reading<\/span><\/a><\/p>\n","protected":false},"author":1,"featured_media":0,"parent":0,"menu_order":0,"comment_status":"closed","ping_status":"closed","template":"","meta":{"footnotes":""},"class_list":{"0":"post-7312","1":"page","2":"type-page","3":"status-publish","4":"hentry","5":"entry","6":"clearfix","7":"entry-grid","8":"entry-columns-default","9":"entry-page-module-layout-standard","10":"no-post-thumbnail","11":"entry-page","13":"entry-page-grid"},"yoast_head":"<!-- This site is optimized with the Yoast SEO plugin v27.3 - https:\/\/yoast.com\/product\/yoast-seo-wordpress\/ -->\n<title>Choosing a good tattoo artist - Tattoo Voodoo Studio<\/title>\n<meta name=\"description\" content=\"Service professionnel de tatouage et per\u00e7age \u00e0 Granby. Standards tr\u00e8s \u00e9lev\u00e9s et une \u00e9thique de travail exceptionnelle. Prenez rendez-vous !\" \/>\n<meta name=\"robots\" content=\"index, follow, max-snippet:-1, max-image-preview:large, max-video-preview:-1\" \/>\n<link rel=\"canonical\" href=\"https:\/\/tattoovoodoo.com\/en\/choosing-a-good-tattoo-artist\/\" \/>\n<meta property=\"og:locale\" content=\"en_US\" \/>\n<meta property=\"og:type\" content=\"article\" \/>\n<meta property=\"og:title\" content=\"Choosing a good tattoo artist - Tattoo Voodoo Studio\" \/>\n<meta property=\"og:description\" content=\"Service professionnel de tatouage et per\u00e7age \u00e0 Granby. Standards tr\u00e8s \u00e9lev\u00e9s et une \u00e9thique de travail exceptionnelle. Prenez rendez-vous !\" \/>\n<meta property=\"og:url\" content=\"https:\/\/tattoovoodoo.com\/en\/choosing-a-good-tattoo-artist\/\" \/>\n<meta property=\"og:site_name\" content=\"Tattoo Voodoo Studio\" \/>\n<meta property=\"article:publisher\" content=\"https:\/\/www.facebook.com\/TATTOO-VOODOO-213108662213\/\" \/>\n<meta property=\"article:modified_time\" content=\"2019-02-14T03:39:43+00:00\" \/>\n<meta property=\"og:image\" content=\"https:\/\/tattoovoodoo.com\/wp-content\/uploads\/logo-tattoo-voodoo-og-2023.png\" \/>\n\t<meta property=\"og:image:width\" content=\"1200\" \/>\n\t<meta property=\"og:image:height\" content=\"630\" \/>\n\t<meta property=\"og:image:type\" content=\"image\/png\" \/>\n<meta name=\"twitter:card\" content=\"summary_large_image\" \/>\n<meta name=\"twitter:label1\" content=\"Est. reading time\" \/>\n\t<meta name=\"twitter:data1\" content=\"2 minutes\" \/>\n<script type=\"application\/ld+json\" class=\"yoast-schema-graph\">{\"@context\":\"https:\\\/\\\/schema.org\",\"@graph\":[{\"@type\":\"WebPage\",\"@id\":\"https:\\\/\\\/tattoovoodoo.com\\\/en\\\/choosing-a-good-tattoo-artist\\\/\",\"url\":\"https:\\\/\\\/tattoovoodoo.com\\\/en\\\/choosing-a-good-tattoo-artist\\\/\",\"name\":\"Choosing a good tattoo artist - Tattoo Voodoo Studio\",\"isPartOf\":{\"@id\":\"https:\\\/\\\/tattoovoodoo.com\\\/#website\"},\"datePublished\":\"2019-02-14T03:15:38+00:00\",\"dateModified\":\"2019-02-14T03:39:43+00:00\",\"description\":\"Service professionnel de tatouage et per\u00e7age \u00e0 Granby. Standards tr\u00e8s \u00e9lev\u00e9s et une \u00e9thique de travail exceptionnelle. Prenez rendez-vous !\",\"breadcrumb\":{\"@id\":\"https:\\\/\\\/tattoovoodoo.com\\\/en\\\/choosing-a-good-tattoo-artist\\\/#breadcrumb\"},\"inLanguage\":\"en-CA\",\"potentialAction\":[{\"@type\":\"ReadAction\",\"target\":[\"https:\\\/\\\/tattoovoodoo.com\\\/en\\\/choosing-a-good-tattoo-artist\\\/\"]}]},{\"@type\":\"BreadcrumbList\",\"@id\":\"https:\\\/\\\/tattoovoodoo.com\\\/en\\\/choosing-a-good-tattoo-artist\\\/#breadcrumb\",\"itemListElement\":[{\"@type\":\"ListItem\",\"position\":1,\"name\":\"Accueil\",\"item\":\"https:\\\/\\\/tattoovoodoo.com\\\/en\\\/\"},{\"@type\":\"ListItem\",\"position\":2,\"name\":\"Choosing a good tattoo artist\"}]},{\"@type\":\"WebSite\",\"@id\":\"https:\\\/\\\/tattoovoodoo.com\\\/#website\",\"url\":\"https:\\\/\\\/tattoovoodoo.com\\\/\",\"name\":\"Tattoo Voodoo Studio\",\"description\":\"since 1993\",\"publisher\":{\"@id\":\"https:\\\/\\\/tattoovoodoo.com\\\/#organization\"},\"potentialAction\":[{\"@type\":\"SearchAction\",\"target\":{\"@type\":\"EntryPoint\",\"urlTemplate\":\"https:\\\/\\\/tattoovoodoo.com\\\/?s={search_term_string}\"},\"query-input\":{\"@type\":\"PropertyValueSpecification\",\"valueRequired\":true,\"valueName\":\"search_term_string\"}}],\"inLanguage\":\"en-CA\"},{\"@type\":\"Organization\",\"@id\":\"https:\\\/\\\/tattoovoodoo.com\\\/#organization\",\"name\":\"Tattoo Voodoo Studio\",\"url\":\"https:\\\/\\\/tattoovoodoo.com\\\/\",\"logo\":{\"@type\":\"ImageObject\",\"inLanguage\":\"en-CA\",\"@id\":\"https:\\\/\\\/tattoovoodoo.com\\\/#\\\/schema\\\/logo\\\/image\\\/\",\"url\":\"https:\\\/\\\/tattoovoodoo.com\\\/wp-content\\\/uploads\\\/logo-tattoo-voodoo.jpg\",\"contentUrl\":\"https:\\\/\\\/tattoovoodoo.com\\\/wp-content\\\/uploads\\\/logo-tattoo-voodoo.jpg\",\"width\":1200,\"height\":630,\"caption\":\"Tattoo Voodoo Studio\"},\"image\":{\"@id\":\"https:\\\/\\\/tattoovoodoo.com\\\/#\\\/schema\\\/logo\\\/image\\\/\"},\"sameAs\":[\"https:\\\/\\\/www.facebook.com\\\/TATTOO-VOODOO-213108662213\\\/\",\"https:\\\/\\\/www.instagram.com\\\/TATTOO_VOODOO_GRANBY\"]}]}<\/script>\n<!-- \/ Yoast SEO plugin. -->","yoast_head_json":{"title":"Choosing a good tattoo artist - Tattoo Voodoo Studio","description":"Service professionnel de tatouage et per\u00e7age \u00e0 Granby. Standards tr\u00e8s \u00e9lev\u00e9s et une \u00e9thique de travail exceptionnelle. Prenez rendez-vous !","robots":{"index":"index","follow":"follow","max-snippet":"max-snippet:-1","max-image-preview":"max-image-preview:large","max-video-preview":"max-video-preview:-1"},"canonical":"https:\/\/tattoovoodoo.com\/en\/choosing-a-good-tattoo-artist\/","og_locale":"en_US","og_type":"article","og_title":"Choosing a good tattoo artist - Tattoo Voodoo Studio","og_description":"Service professionnel de tatouage et per\u00e7age \u00e0 Granby. Standards tr\u00e8s \u00e9lev\u00e9s et une \u00e9thique de travail exceptionnelle. Prenez rendez-vous !","og_url":"https:\/\/tattoovoodoo.com\/en\/choosing-a-good-tattoo-artist\/","og_site_name":"Tattoo Voodoo Studio","article_publisher":"https:\/\/www.facebook.com\/TATTOO-VOODOO-213108662213\/","article_modified_time":"2019-02-14T03:39:43+00:00","og_image":[{"width":1200,"height":630,"url":"https:\/\/tattoovoodoo.com\/wp-content\/uploads\/logo-tattoo-voodoo-og-2023.png","type":"image\/png"}],"twitter_card":"summary_large_image","twitter_misc":{"Est. reading time":"2 minutes"},"schema":{"@context":"https:\/\/schema.org","@graph":[{"@type":"WebPage","@id":"https:\/\/tattoovoodoo.com\/en\/choosing-a-good-tattoo-artist\/","url":"https:\/\/tattoovoodoo.com\/en\/choosing-a-good-tattoo-artist\/","name":"Choosing a good tattoo artist - Tattoo Voodoo Studio","isPartOf":{"@id":"https:\/\/tattoovoodoo.com\/#website"},"datePublished":"2019-02-14T03:15:38+00:00","dateModified":"2019-02-14T03:39:43+00:00","description":"Service professionnel de tatouage et per\u00e7age \u00e0 Granby. Standards tr\u00e8s \u00e9lev\u00e9s et une \u00e9thique de travail exceptionnelle. Prenez rendez-vous !","breadcrumb":{"@id":"https:\/\/tattoovoodoo.com\/en\/choosing-a-good-tattoo-artist\/#breadcrumb"},"inLanguage":"en-CA","potentialAction":[{"@type":"ReadAction","target":["https:\/\/tattoovoodoo.com\/en\/choosing-a-good-tattoo-artist\/"]}]},{"@type":"BreadcrumbList","@id":"https:\/\/tattoovoodoo.com\/en\/choosing-a-good-tattoo-artist\/#breadcrumb","itemListElement":[{"@type":"ListItem","position":1,"name":"Accueil","item":"https:\/\/tattoovoodoo.com\/en\/"},{"@type":"ListItem","position":2,"name":"Choosing a good tattoo artist"}]},{"@type":"WebSite","@id":"https:\/\/tattoovoodoo.com\/#website","url":"https:\/\/tattoovoodoo.com\/","name":"Tattoo Voodoo Studio","description":"since 1993","publisher":{"@id":"https:\/\/tattoovoodoo.com\/#organization"},"potentialAction":[{"@type":"SearchAction","target":{"@type":"EntryPoint","urlTemplate":"https:\/\/tattoovoodoo.com\/?s={search_term_string}"},"query-input":{"@type":"PropertyValueSpecification","valueRequired":true,"valueName":"search_term_string"}}],"inLanguage":"en-CA"},{"@type":"Organization","@id":"https:\/\/tattoovoodoo.com\/#organization","name":"Tattoo Voodoo Studio","url":"https:\/\/tattoovoodoo.com\/","logo":{"@type":"ImageObject","inLanguage":"en-CA","@id":"https:\/\/tattoovoodoo.com\/#\/schema\/logo\/image\/","url":"https:\/\/tattoovoodoo.com\/wp-content\/uploads\/logo-tattoo-voodoo.jpg","contentUrl":"https:\/\/tattoovoodoo.com\/wp-content\/uploads\/logo-tattoo-voodoo.jpg","width":1200,"height":630,"caption":"Tattoo Voodoo Studio"},"image":{"@id":"https:\/\/tattoovoodoo.com\/#\/schema\/logo\/image\/"},"sameAs":["https:\/\/www.facebook.com\/TATTOO-VOODOO-213108662213\/","https:\/\/www.instagram.com\/TATTOO_VOODOO_GRANBY"]}]}},"_links":{"self":[{"href":"https:\/\/tattoovoodoo.com\/en\/wp-json\/wp\/v2\/pages\/7312","targetHints":{"allow":["GET"]}}],"collection":[{"href":"https:\/\/tattoovoodoo.com\/en\/wp-json\/wp\/v2\/pages"}],"about":[{"href":"https:\/\/tattoovoodoo.com\/en\/wp-json\/wp\/v2\/types\/page"}],"author":[{"embeddable":true,"href":"https:\/\/tattoovoodoo.com\/en\/wp-json\/wp\/v2\/users\/1"}],"replies":[{"embeddable":true,"href":"https:\/\/tattoovoodoo.com\/en\/wp-json\/wp\/v2\/comments?post=7312"}],"version-history":[{"count":0,"href":"https:\/\/tattoovoodoo.com\/en\/wp-json\/wp\/v2\/pages\/7312\/revisions"}],"wp:attachment":[{"href":"https:\/\/tattoovoodoo.com\/en\/wp-json\/wp\/v2\/media?parent=7312"}],"curies":[{"name":"wp","href":"https:\/\/api.w.org\/{rel}","templated":true}]}}