{"id":7324,"date":"2019-02-13T22:26:37","date_gmt":"2019-02-14T03:26:37","guid":{"rendered":"https:\/\/tattoovoodoo.com\/?page_id=7324"},"modified":"2025-06-20T16:19:14","modified_gmt":"2025-06-20T20:19:14","slug":"price-list","status":"publish","type":"page","link":"https:\/\/tattoovoodoo.com\/en\/price-list\/","title":{"rendered":"Price list"},"content":{"rendered":"<div class=\"wpb-content-wrapper\"><p>[vc_row equal_height=&#8221;&#8221; shift_y=&#8221;0&#8243; z_index=&#8221;0&#8243;][vc_column text_alignment=&#8221;center&#8221; shift_x=&#8221;0&#8243; shift_y=&#8221;0&#8243; z_index=&#8221;0&#8243;][vc_row_inner container_width=&#8221;standard&#8221;][vc_column_inner][vc_empty_space height=&#8221;70&#8243;][vc_single_image image=&#8221;6147&#8243; img_size=&#8221;custom&#8221; full_width=&#8221;&#8221; opacity=&#8221;100&#8243; max_width=&#8221;80%&#8221; custom_img_size=&#8221;200X200&#8243;][vc_custom_heading text=&#8221;TATTOO VOODOO<br \/>\n&#8211; PRICE LIST -&#8221; font_size=&#8221;48&#8243; font_weight=&#8221;700&#8243; css_animation=&#8221;fadeInUp&#8221;][vc_separator el_width=&#8221;50&#8243; el_height=&#8221;3&#8243; color=&#8221;accent&#8221;][vc_column_text]<\/p>\n<h6 class=\"p1\" style=\"text-align: center;\"><span style=\"font-size: 18pt;\"><span class=\"s2\">* PRICES VARY DEPENDING ON TYPE OF JEWELRY SELECTED.<br \/>\n( Piercing fees range from 35$ to 45$ + jewelry + taxes )<br \/>\n<\/span><span style=\"text-transform: uppercase !important;\">* Subject to price change without notice<br \/>\n<\/span><\/span><\/h6>\n<p>[\/vc_column_text][vc_separator el_width=&#8221;50&#8243; el_height=&#8221;3&#8243; color=&#8221;accent&#8221;][\/vc_column_inner][\/vc_row_inner][vc_row_inner][vc_column_inner width=&#8221;1\/2&#8243;][vc_column_text]<\/p>\n<ul style=\"text-align: left;\">\n<li>Piercing \u2014\u00a0 1 Ear lob as from 70$ + tx<\/li>\n<li>Piercing \u2014 Helix as from 70$ + tx<\/li>\n<li>Piercing \u2014 Conch as from 85$ + tx<\/li>\n<li>Piercing \u2014 Tragus as from 85$ + tx<\/li>\n<li>Piercing \u2014 Rook as from 85$ + tx<\/li>\n<li>Piercing \u2014 Anti-helix as from 85$ + tx<\/li>\n<li>Piercing \u2014 Daith as from 85$ + tx<\/li>\n<li>Piercing \u2014 Industrial as from 90$ + tx<\/li>\n<li>Piercing \u2014 Stretch as from 100$ + tx<\/li>\n<li>Piercing \u2014 Eyebrow as from 85$ + tx<\/li>\n<li>Piercing \u2014 Bridge as from 85$ + tx<\/li>\n<li>Piercing \u2014 Nose as from 85$ + tx<\/li>\n<li>Piercing \u2014 Septum as from 85$ + tx<\/li>\n<\/ul>\n<p>[\/vc_column_text][\/vc_column_inner][vc_column_inner width=&#8221;1\/2&#8243;][vc_column_text]<\/p>\n<ul style=\"text-align: left;\">\n<li>Piercing \u2014 Medusa as from 85$ + tx<\/li>\n<li>Piercing \u2014 Marilyn as from 85$ + tx<\/li>\n<li>Piercing \u2014 Lip as from 85$ + tx<\/li>\n<li>Piercing \u2014 Vertical labret as from 85$ + tx<\/li>\n<li>Piercing \u2014 Ashley as from 85$ + tx<\/li>\n<li>Piercing \u2014 Tongue as from 90$ + tx<\/li>\n<li>Piercing \u2014 Web tongue as from 85$ + tx<\/li>\n<li>Piercing \u2014 Smiley as from 85$ + tx<\/li>\n<li>Piercing \u2014 1 Nipple as from 90$ + tx (18 years old +)<\/li>\n<li>Piercing \u2014 Belly button as from 85$ + tx<\/li>\n<li>Piercing \u2014 Surface as from 90$ + tx<\/li>\n<li>Piercing \u2014 Dermal as from 100$ + tx<\/li>\n<li>Piercing \u2014 Genital as from 100$ + tx (18 years old +)<\/li>\n<\/ul>\n<p>[\/vc_column_text][\/vc_column_inner][\/vc_row_inner][\/vc_column][\/vc_row]<\/p>\n<\/div>","protected":false},"excerpt":{"rendered":"<p>[vc_row equal_height=&#8221;&#8221; shift_y=&#8221;0&#8243; z_index=&#8221;0&#8243;][vc_column text_alignment=&#8221;center&#8221; shift_x=&#8221;0&#8243; shift_y=&#8221;0&#8243; z_index=&#8221;0&#8243;][vc_row_inner container_width=&#8221;standard&#8221;][vc_column_inner][vc_empty_space height=&#8221;70&#8243;][vc_single_image image=&#8221;6147&#8243; img_size=&#8221;custom&#8221; full_width=&#8221;&#8221; opacity=&#8221;100&#8243; max_width=&#8221;80%&#8221; custom_img_size=&#8221;200X200&#8243;][vc_custom_heading text=&#8221;TATTOO VOODOO &#8211; PRICE LIST -&#8221; font_size=&#8221;48&#8243; font_weight=&#8221;700&#8243; css_animation=&#8221;fadeInUp&#8221;][vc_separator el_width=&#8221;50&#8243; el_height=&#8221;3&#8243; color=&#8221;accent&#8221;][vc_column_text] * PRICES VARY DEPENDING ON TYPE OF JEWELRY SELECTED. ( Piercing fees range from 35$ to 45$ + jewelry + taxes ) * Subject to price change&#8230;<\/p>\n<p><a rel=\"bookmark\" class=\"hares_button_alt wvc-button wvc-button-size-xs\" href=\"https:\/\/tattoovoodoo.com\/en\/price-list\/\"><span>Continue reading<\/span><\/a><\/p>\n","protected":false},"author":1,"featured_media":0,"parent":0,"menu_order":0,"comment_status":"closed","ping_status":"closed","template":"","meta":{"footnotes":""},"class_list":{"0":"post-7324","1":"page","2":"type-page","3":"status-publish","4":"hentry","5":"entry","6":"clearfix","7":"entry-grid","8":"entry-columns-default","9":"entry-page-module-layout-standard","10":"no-post-thumbnail","11":"entry-page","13":"entry-page-grid"},"yoast_head":"<!-- This site is optimized with the Yoast SEO plugin v27.3 - https:\/\/yoast.com\/product\/yoast-seo-wordpress\/ -->\n<title>Price list - Tattoo Voodoo Studio<\/title>\n<meta name=\"description\" content=\"Service professionnel de tatouage et per\u00e7age \u00e0 Granby. Standards tr\u00e8s \u00e9lev\u00e9s et une \u00e9thique de travail exceptionnelle. Prenez rendez-vous !\" \/>\n<meta name=\"robots\" content=\"index, follow, max-snippet:-1, max-image-preview:large, max-video-preview:-1\" \/>\n<link rel=\"canonical\" href=\"https:\/\/tattoovoodoo.com\/en\/price-list\/\" \/>\n<meta property=\"og:locale\" content=\"en_US\" \/>\n<meta property=\"og:type\" content=\"article\" \/>\n<meta property=\"og:title\" content=\"Price list - Tattoo Voodoo Studio\" \/>\n<meta property=\"og:description\" content=\"Service professionnel de tatouage et per\u00e7age \u00e0 Granby. Standards tr\u00e8s \u00e9lev\u00e9s et une \u00e9thique de travail exceptionnelle. Prenez rendez-vous !\" \/>\n<meta property=\"og:url\" content=\"https:\/\/tattoovoodoo.com\/en\/price-list\/\" \/>\n<meta property=\"og:site_name\" content=\"Tattoo Voodoo Studio\" \/>\n<meta property=\"article:publisher\" content=\"https:\/\/www.facebook.com\/TATTOO-VOODOO-213108662213\/\" \/>\n<meta property=\"article:modified_time\" content=\"2025-06-20T20:19:14+00:00\" \/>\n<meta property=\"og:image\" content=\"https:\/\/tattoovoodoo.com\/wp-content\/uploads\/logo-tattoo-voodoo-og-2023.png\" \/>\n\t<meta property=\"og:image:width\" content=\"1200\" \/>\n\t<meta property=\"og:image:height\" content=\"630\" \/>\n\t<meta property=\"og:image:type\" content=\"image\/png\" \/>\n<meta name=\"twitter:card\" content=\"summary_large_image\" \/>\n<meta name=\"twitter:label1\" content=\"Est. reading time\" \/>\n\t<meta name=\"twitter:data1\" content=\"2 minutes\" \/>\n<script type=\"application\/ld+json\" class=\"yoast-schema-graph\">{\"@context\":\"https:\\\/\\\/schema.org\",\"@graph\":[{\"@type\":\"WebPage\",\"@id\":\"https:\\\/\\\/tattoovoodoo.com\\\/en\\\/price-list\\\/\",\"url\":\"https:\\\/\\\/tattoovoodoo.com\\\/en\\\/price-list\\\/\",\"name\":\"Price list - Tattoo Voodoo Studio\",\"isPartOf\":{\"@id\":\"https:\\\/\\\/tattoovoodoo.com\\\/#website\"},\"datePublished\":\"2019-02-14T03:26:37+00:00\",\"dateModified\":\"2025-06-20T20:19:14+00:00\",\"description\":\"Service professionnel de tatouage et per\u00e7age \u00e0 Granby. Standards tr\u00e8s \u00e9lev\u00e9s et une \u00e9thique de travail exceptionnelle. Prenez rendez-vous !\",\"breadcrumb\":{\"@id\":\"https:\\\/\\\/tattoovoodoo.com\\\/en\\\/price-list\\\/#breadcrumb\"},\"inLanguage\":\"en-CA\",\"potentialAction\":[{\"@type\":\"ReadAction\",\"target\":[\"https:\\\/\\\/tattoovoodoo.com\\\/en\\\/price-list\\\/\"]}]},{\"@type\":\"BreadcrumbList\",\"@id\":\"https:\\\/\\\/tattoovoodoo.com\\\/en\\\/price-list\\\/#breadcrumb\",\"itemListElement\":[{\"@type\":\"ListItem\",\"position\":1,\"name\":\"Accueil\",\"item\":\"https:\\\/\\\/tattoovoodoo.com\\\/en\\\/\"},{\"@type\":\"ListItem\",\"position\":2,\"name\":\"Price list\"}]},{\"@type\":\"WebSite\",\"@id\":\"https:\\\/\\\/tattoovoodoo.com\\\/#website\",\"url\":\"https:\\\/\\\/tattoovoodoo.com\\\/\",\"name\":\"Tattoo Voodoo Studio\",\"description\":\"since 1993\",\"publisher\":{\"@id\":\"https:\\\/\\\/tattoovoodoo.com\\\/#organization\"},\"potentialAction\":[{\"@type\":\"SearchAction\",\"target\":{\"@type\":\"EntryPoint\",\"urlTemplate\":\"https:\\\/\\\/tattoovoodoo.com\\\/?s={search_term_string}\"},\"query-input\":{\"@type\":\"PropertyValueSpecification\",\"valueRequired\":true,\"valueName\":\"search_term_string\"}}],\"inLanguage\":\"en-CA\"},{\"@type\":\"Organization\",\"@id\":\"https:\\\/\\\/tattoovoodoo.com\\\/#organization\",\"name\":\"Tattoo Voodoo Studio\",\"url\":\"https:\\\/\\\/tattoovoodoo.com\\\/\",\"logo\":{\"@type\":\"ImageObject\",\"inLanguage\":\"en-CA\",\"@id\":\"https:\\\/\\\/tattoovoodoo.com\\\/#\\\/schema\\\/logo\\\/image\\\/\",\"url\":\"https:\\\/\\\/tattoovoodoo.com\\\/wp-content\\\/uploads\\\/logo-tattoo-voodoo.jpg\",\"contentUrl\":\"https:\\\/\\\/tattoovoodoo.com\\\/wp-content\\\/uploads\\\/logo-tattoo-voodoo.jpg\",\"width\":1200,\"height\":630,\"caption\":\"Tattoo Voodoo Studio\"},\"image\":{\"@id\":\"https:\\\/\\\/tattoovoodoo.com\\\/#\\\/schema\\\/logo\\\/image\\\/\"},\"sameAs\":[\"https:\\\/\\\/www.facebook.com\\\/TATTOO-VOODOO-213108662213\\\/\",\"https:\\\/\\\/www.instagram.com\\\/TATTOO_VOODOO_GRANBY\"]}]}<\/script>\n<!-- \/ Yoast SEO plugin. -->","yoast_head_json":{"title":"Price list - Tattoo Voodoo Studio","description":"Service professionnel de tatouage et per\u00e7age \u00e0 Granby. Standards tr\u00e8s \u00e9lev\u00e9s et une \u00e9thique de travail exceptionnelle. Prenez rendez-vous !","robots":{"index":"index","follow":"follow","max-snippet":"max-snippet:-1","max-image-preview":"max-image-preview:large","max-video-preview":"max-video-preview:-1"},"canonical":"https:\/\/tattoovoodoo.com\/en\/price-list\/","og_locale":"en_US","og_type":"article","og_title":"Price list - Tattoo Voodoo Studio","og_description":"Service professionnel de tatouage et per\u00e7age \u00e0 Granby. Standards tr\u00e8s \u00e9lev\u00e9s et une \u00e9thique de travail exceptionnelle. Prenez rendez-vous !","og_url":"https:\/\/tattoovoodoo.com\/en\/price-list\/","og_site_name":"Tattoo Voodoo Studio","article_publisher":"https:\/\/www.facebook.com\/TATTOO-VOODOO-213108662213\/","article_modified_time":"2025-06-20T20:19:14+00:00","og_image":[{"width":1200,"height":630,"url":"https:\/\/tattoovoodoo.com\/wp-content\/uploads\/logo-tattoo-voodoo-og-2023.png","type":"image\/png"}],"twitter_card":"summary_large_image","twitter_misc":{"Est. reading time":"2 minutes"},"schema":{"@context":"https:\/\/schema.org","@graph":[{"@type":"WebPage","@id":"https:\/\/tattoovoodoo.com\/en\/price-list\/","url":"https:\/\/tattoovoodoo.com\/en\/price-list\/","name":"Price list - Tattoo Voodoo Studio","isPartOf":{"@id":"https:\/\/tattoovoodoo.com\/#website"},"datePublished":"2019-02-14T03:26:37+00:00","dateModified":"2025-06-20T20:19:14+00:00","description":"Service professionnel de tatouage et per\u00e7age \u00e0 Granby. Standards tr\u00e8s \u00e9lev\u00e9s et une \u00e9thique de travail exceptionnelle. Prenez rendez-vous !","breadcrumb":{"@id":"https:\/\/tattoovoodoo.com\/en\/price-list\/#breadcrumb"},"inLanguage":"en-CA","potentialAction":[{"@type":"ReadAction","target":["https:\/\/tattoovoodoo.com\/en\/price-list\/"]}]},{"@type":"BreadcrumbList","@id":"https:\/\/tattoovoodoo.com\/en\/price-list\/#breadcrumb","itemListElement":[{"@type":"ListItem","position":1,"name":"Accueil","item":"https:\/\/tattoovoodoo.com\/en\/"},{"@type":"ListItem","position":2,"name":"Price list"}]},{"@type":"WebSite","@id":"https:\/\/tattoovoodoo.com\/#website","url":"https:\/\/tattoovoodoo.com\/","name":"Tattoo Voodoo Studio","description":"since 1993","publisher":{"@id":"https:\/\/tattoovoodoo.com\/#organization"},"potentialAction":[{"@type":"SearchAction","target":{"@type":"EntryPoint","urlTemplate":"https:\/\/tattoovoodoo.com\/?s={search_term_string}"},"query-input":{"@type":"PropertyValueSpecification","valueRequired":true,"valueName":"search_term_string"}}],"inLanguage":"en-CA"},{"@type":"Organization","@id":"https:\/\/tattoovoodoo.com\/#organization","name":"Tattoo Voodoo Studio","url":"https:\/\/tattoovoodoo.com\/","logo":{"@type":"ImageObject","inLanguage":"en-CA","@id":"https:\/\/tattoovoodoo.com\/#\/schema\/logo\/image\/","url":"https:\/\/tattoovoodoo.com\/wp-content\/uploads\/logo-tattoo-voodoo.jpg","contentUrl":"https:\/\/tattoovoodoo.com\/wp-content\/uploads\/logo-tattoo-voodoo.jpg","width":1200,"height":630,"caption":"Tattoo Voodoo Studio"},"image":{"@id":"https:\/\/tattoovoodoo.com\/#\/schema\/logo\/image\/"},"sameAs":["https:\/\/www.facebook.com\/TATTOO-VOODOO-213108662213\/","https:\/\/www.instagram.com\/TATTOO_VOODOO_GRANBY"]}]}},"_links":{"self":[{"href":"https:\/\/tattoovoodoo.com\/en\/wp-json\/wp\/v2\/pages\/7324","targetHints":{"allow":["GET"]}}],"collection":[{"href":"https:\/\/tattoovoodoo.com\/en\/wp-json\/wp\/v2\/pages"}],"about":[{"href":"https:\/\/tattoovoodoo.com\/en\/wp-json\/wp\/v2\/types\/page"}],"author":[{"embeddable":true,"href":"https:\/\/tattoovoodoo.com\/en\/wp-json\/wp\/v2\/users\/1"}],"replies":[{"embeddable":true,"href":"https:\/\/tattoovoodoo.com\/en\/wp-json\/wp\/v2\/comments?post=7324"}],"version-history":[{"count":4,"href":"https:\/\/tattoovoodoo.com\/en\/wp-json\/wp\/v2\/pages\/7324\/revisions"}],"predecessor-version":[{"id":13383,"href":"https:\/\/tattoovoodoo.com\/en\/wp-json\/wp\/v2\/pages\/7324\/revisions\/13383"}],"wp:attachment":[{"href":"https:\/\/tattoovoodoo.com\/en\/wp-json\/wp\/v2\/media?parent=7324"}],"curies":[{"name":"wp","href":"https:\/\/api.w.org\/{rel}","templated":true}]}}