{"id":7351,"date":"2019-02-13T22:32:35","date_gmt":"2019-02-14T03:32:35","guid":{"rendered":"https:\/\/tattoovoodoo.com\/?page_id=7351"},"modified":"2022-01-28T12:12:53","modified_gmt":"2022-01-28T17:12:53","slug":"piercing-care","status":"publish","type":"page","link":"https:\/\/tattoovoodoo.com\/en\/piercing-care\/","title":{"rendered":"Piercing care"},"content":{"rendered":"<div class=\"wpb-content-wrapper\"><p>[vc_row equal_height=&#8221;&#8221; background_type=&#8221;image&#8221; background_effect=&#8221;fixed&#8221; background_img_lazyload=&#8221;1&#8243; add_overlay=&#8221;yes&#8221; overlay_opacity=&#8221;80&#8243; shift_y=&#8221;0&#8243; z_index=&#8221;0&#8243;][vc_column text_alignment=&#8221;center&#8221; shift_x=&#8221;0&#8243; shift_y=&#8221;0&#8243; z_index=&#8221;0&#8243;][vc_row_inner][vc_column_inner][vc_empty_space height=&#8221;70&#8243;][vc_icon media_type=&#8221;animated_icon&#8221; animated_icon_lineaicons=&#8221;linea-basic-pin1&#8243; animated_icon_color=&#8221;accent&#8221; size=&#8221;fa-5x&#8221;][vc_custom_heading text=&#8221;PIERCING CARE BODY &#8211; FACIAL &#8211; DERMAL&#8221; font_size=&#8221;48&#8243; font_weight=&#8221;700&#8243; css_animation=&#8221;fadeInUp&#8221;][vc_separator el_width=&#8221;50&#8243; el_height=&#8221;3&#8243; color=&#8221;accent&#8221;][vc_column_text]<\/p>\n<p class=\"p1\"><span class=\"s1\"><span style=\"font-family: helvetica, arial, sans-serif; font-size: 14pt;\">Choose <strong><em>Tattoo Voodoo Studio<\/em><\/strong> from Granby.<\/span><\/span><\/p>\n<p>Your piercing is open to infections during healing. Proper care is important to limit the risk of infection. Always wash your hands with antibacterial soap before touching your piercing or jewelry.<\/p>\n<p>Your piercing should be cleaned twice a day during healing. Too frequent cleaning may irritate the piercing, so you should not clean it too often unless the piercing has been exposed to dirt, sweat or other body fluids.<\/p>\n<p class=\"p2\"><span class=\"s3\"><b><i>In the shower<\/i><\/b><\/span><span class=\"s2\"><b><i>,<\/i> use PurSan (recommanded by your piercer).<br \/>\nsold at\u00a0 Voodoo for 10.99$ + tx<br \/>\n<\/b><\/span><b><\/b><em>Clean your piercing, soap for 3 minutes and rinse thoroughly. Do it once a day or two if you shower twice!<\/em><\/p>\n<p>Use <strong>PurSan<\/strong> Softener 1 time daily and <u>rinse after each use<\/u>. <strong>PurSan<\/strong> is a manufactured product in Canada under the supervision of the Ministry of Health. This mild soap fights viruses and eliminates micro-bacteria without burning or irritating the skin. It is designed to revitalize, refresh and purify piercing and \/ or tattooing.<\/p>\n<p>Do not let any cosmetics come into contact with your piercing, as this may cause irritation (Ex: lotion, perfume and makeup). If you swim in a pool, spa, lake or whirlpool, thoroughly clean your piercing after each swim. When healing is complete, you should wash the piercing once a day, in the shower with <strong>PurSan<\/strong>.<\/p>\n<p class=\"p7\"><span class=\"s2\"><b><i>COMPLETE HEALING TIME<br \/>\n<\/i><\/b><\/span><\/p>\n<table class=\"t1\" width=\"727.0\" cellspacing=\"0\" cellpadding=\"0\">\n<tbody>\n<tr>\n<td class=\"td1\" valign=\"bottom\">\n<p class=\"p5\"><span class=\"s2\"><b>CORPORAL<\/b><\/span><\/p>\n<\/td>\n<td class=\"td2\" valign=\"bottom\">\n<p class=\"p5\"><span class=\"s2\"><b>FACIAL<\/b><\/span><\/p>\n<\/td>\n<td class=\"td3\" valign=\"bottom\">\n<p class=\"p5\"><span class=\"s2\"><b>ORAL<\/b><\/span><\/p>\n<\/td>\n<\/tr>\n<tr>\n<td class=\"td4\" valign=\"bottom\">\n<p class=\"p5\"><span class=\"s1\">Belly button: 3 &#8211; 6 months<br \/>\n<\/span><\/p>\n<\/td>\n<td class=\"td5\" valign=\"bottom\">\n<p class=\"p5\"><span class=\"s1\">Eyebrow: 1 <\/span><span class=\"s6\">1\/2<\/span><span class=\"s1\"> &#8211; 3 months<br \/>\n<\/span><\/p>\n<\/td>\n<td class=\"td6\" valign=\"bottom\">\n<p class=\"p5\"><span class=\"s1\">Labret: 1 <\/span><span class=\"s6\">1\/2<\/span><span class=\"s1\"> months<br \/>\n<\/span><\/p>\n<\/td>\n<\/tr>\n<tr>\n<td class=\"td4\" valign=\"bottom\">\n<p class=\"p5\"><span class=\"s1\">Nipple: 3 &#8211; 6 months<br \/>\n<\/span><\/p>\n<\/td>\n<td class=\"td5\" valign=\"bottom\">\n<p class=\"p5\"><span class=\"s1\">Lobe: 1 <\/span><span class=\"s6\">1\/2<\/span><span class=\"s1\"> months<br \/>\n<\/span><\/p>\n<\/td>\n<td class=\"td6\" valign=\"bottom\">\n<p class=\"p5\"><span class=\"s1\">Vertical labret: 1 <\/span><span class=\"s6\">1\/2<\/span><span class=\"s1\"> months<br \/>\n<\/span><\/p>\n<\/td>\n<\/tr>\n<tr>\n<td class=\"td4\" valign=\"bottom\">\n<p class=\"p5\"><span class=\"s1\">Surface: 3 -6 months<br \/>\n<\/span><\/p>\n<\/td>\n<td class=\"td5\" valign=\"bottom\">\n<p class=\"p5\"><span class=\"s1\">Helix: 3 &#8211; 6 months<br \/>\n<\/span><\/p>\n<\/td>\n<td class=\"td6\" valign=\"bottom\">\n<p class=\"p5\"><span class=\"s1\">Marilyn: 1 <\/span><span class=\"s6\">1\/2<\/span><span class=\"s1\"> months<br \/>\n<\/span><\/p>\n<\/td>\n<\/tr>\n<tr>\n<td class=\"td4\" valign=\"bottom\">\n<p class=\"p5\"><span class=\"s1\">\u00a0<\/span><\/p>\n<\/td>\n<td class=\"td5\" valign=\"bottom\">\n<p class=\"p5\"><span class=\"s1\">Tragus: 3 &#8211; 6 months<\/span><\/p>\n<\/td>\n<td class=\"td6\" valign=\"bottom\">\n<p class=\"p5\"><span class=\"s1\">Medusa: 1 <\/span><span class=\"s6\">1\/2<\/span><span class=\"s1\"> months<br \/>\n<\/span><\/p>\n<\/td>\n<\/tr>\n<tr>\n<td class=\"td4\" valign=\"bottom\">\n<p class=\"p5\"><span class=\"s2\"><b>DERMAL<\/b><\/span><\/p>\n<\/td>\n<td class=\"td5\" valign=\"bottom\">\n<p class=\"p5\"><span class=\"s1\">Rook: 3 &#8211; 6 months<br \/>\n<\/span><\/p>\n<\/td>\n<td class=\"td6\" valign=\"bottom\">\n<p class=\"p5\"><span class=\"s1\">Tongue: 1 <\/span><span class=\"s6\">1\/2<\/span><span class=\"s1\"> months<br \/>\n<\/span><\/p>\n<\/td>\n<\/tr>\n<tr>\n<td class=\"td4\" valign=\"bottom\">\n<p class=\"p5\"><span class=\"s1\">1 month<\/span><\/p>\n<\/td>\n<td class=\"td5\" valign=\"bottom\">\n<p class=\"p5\"><span class=\"s1\">Industrial: 6 -12 months<br \/>\n<\/span><\/p>\n<\/td>\n<td class=\"td6\" valign=\"bottom\">\n<p class=\"p5\"><span class=\"s1\">Web tongue: 1 <\/span><span class=\"s6\">1\/2<\/span><span class=\"s1\"> months<br \/>\n<\/span><\/p>\n<\/td>\n<\/tr>\n<tr>\n<td class=\"td4\" valign=\"bottom\">\n<p class=\"p5\"><span class=\"s1\">\u00a0<\/span><\/p>\n<\/td>\n<td class=\"td5\" valign=\"bottom\">\n<p class=\"p5\"><span class=\"s1\">Nose: 1 <\/span><span class=\"s6\">1\/2<\/span><span class=\"s1\"> months<br \/>\n<\/span><\/p>\n<\/td>\n<td class=\"td6\" valign=\"bottom\">\n<p class=\"p5\"><span class=\"s1\">Smiley: 1 <\/span><span class=\"s6\">1\/2<\/span><span class=\"s1\"> months<br \/>\n<\/span><\/p>\n<\/td>\n<\/tr>\n<tr>\n<td class=\"td4\" valign=\"bottom\">\n<p class=\"p5\"><span class=\"s1\">\u00a0<\/span><\/p>\n<\/td>\n<td class=\"td5\" valign=\"bottom\">\n<p class=\"p5\"><span class=\"s1\">Septum: 1 <\/span><span class=\"s6\">1\/2<\/span><span class=\"s1\"> months<br \/>\n<\/span><\/p>\n<\/td>\n<td class=\"td6\" valign=\"bottom\">\n<p class=\"p5\"><span class=\"s1\">\u00a0<\/span><\/p>\n<\/td>\n<\/tr>\n<tr>\n<td class=\"td4\" valign=\"bottom\">\n<p class=\"p5\"><span class=\"s1\">\u00a0<\/span><\/p>\n<\/td>\n<td class=\"td5\" valign=\"bottom\">\n<p class=\"p5\"><span class=\"s1\">Bridge: 1 <\/span><span class=\"s6\">1\/2<\/span><span class=\"s1\"> &#8211; 3 months<br \/>\n<\/span><\/p>\n<\/td>\n<td class=\"td6\" valign=\"bottom\">\n<p class=\"p5\"><span class=\"s2\"><b>GENITAL<\/b><\/span><\/p>\n<\/td>\n<\/tr>\n<tr>\n<td class=\"td4\" valign=\"bottom\">\n<p class=\"p5\"><span class=\"s1\">\u00a0<\/span><\/p>\n<\/td>\n<td class=\"td5\" valign=\"bottom\">\n<p class=\"p5\"><span class=\"s1\">Stretch: 1 <\/span><span class=\"s6\">1\/2<\/span><span class=\"s1\"> months<br \/>\n<\/span><\/p>\n<\/td>\n<td class=\"td6\" valign=\"bottom\">\n<p class=\"p5\"><span class=\"s1\">Consult the piercing artist<br \/>\n<\/span><\/p>\n<\/td>\n<\/tr>\n<tr>\n<td class=\"td4\" valign=\"bottom\">\n<p class=\"p5\"><span class=\"s1\">\u00a0<\/span><\/p>\n<\/td>\n<td class=\"td5\" valign=\"bottom\">\n<p class=\"p5\"><span class=\"s1\">Daith: 3 &#8211; 6 months<br \/>\n<\/span><\/p>\n<\/td>\n<td class=\"td6\" valign=\"bottom\">\n<p class=\"p5\"><span class=\"s1\">\u00a0<\/span><\/p>\n<\/td>\n<\/tr>\n<tr>\n<td class=\"td7\" valign=\"bottom\">\n<p class=\"p5\"><span class=\"s1\">\u00a0<\/span><\/p>\n<\/td>\n<td class=\"td8\" valign=\"bottom\">\n<p class=\"p5\"><span class=\"s1\">Conch: 3 &#8211; 6 months<\/span><\/p>\n<\/td>\n<td class=\"td9\" valign=\"bottom\">\n<p class=\"p5\"><span class=\"s1\">\u00a0<\/span><\/p>\n<\/td>\n<\/tr>\n<\/tbody>\n<\/table>\n<p>[\/vc_column_text][\/vc_column_inner][\/vc_row_inner][\/vc_column][\/vc_row]<\/p>\n<\/div>","protected":false},"excerpt":{"rendered":"<p>[vc_row equal_height=&#8221;&#8221; background_type=&#8221;image&#8221; background_effect=&#8221;fixed&#8221; background_img_lazyload=&#8221;1&#8243; add_overlay=&#8221;yes&#8221; overlay_opacity=&#8221;80&#8243; shift_y=&#8221;0&#8243; z_index=&#8221;0&#8243;][vc_column text_alignment=&#8221;center&#8221; shift_x=&#8221;0&#8243; shift_y=&#8221;0&#8243; z_index=&#8221;0&#8243;][vc_row_inner][vc_column_inner][vc_empty_space height=&#8221;70&#8243;][vc_icon media_type=&#8221;animated_icon&#8221; animated_icon_lineaicons=&#8221;linea-basic-pin1&#8243; animated_icon_color=&#8221;accent&#8221; size=&#8221;fa-5x&#8221;][vc_custom_heading text=&#8221;PIERCING CARE BODY &#8211; FACIAL &#8211; DERMAL&#8221; font_size=&#8221;48&#8243; font_weight=&#8221;700&#8243; css_animation=&#8221;fadeInUp&#8221;][vc_separator el_width=&#8221;50&#8243; el_height=&#8221;3&#8243; color=&#8221;accent&#8221;][vc_column_text] Choose Tattoo Voodoo Studio from Granby. Your piercing is open to infections during healing. Proper care is important to limit the risk of infection&#8230;.<\/p>\n<p><a rel=\"bookmark\" class=\"hares_button_alt wvc-button wvc-button-size-xs\" href=\"https:\/\/tattoovoodoo.com\/en\/piercing-care\/\"><span>Continue reading<\/span><\/a><\/p>\n","protected":false},"author":1,"featured_media":0,"parent":0,"menu_order":0,"comment_status":"closed","ping_status":"closed","template":"","meta":{"footnotes":""},"class_list":{"0":"post-7351","1":"page","2":"type-page","3":"status-publish","4":"hentry","5":"entry","6":"clearfix","7":"entry-grid","8":"entry-columns-default","9":"entry-page-module-layout-standard","10":"no-post-thumbnail","11":"entry-page","13":"entry-page-grid"},"yoast_head":"<!-- This site is optimized with the Yoast SEO plugin v27.3 - https:\/\/yoast.com\/product\/yoast-seo-wordpress\/ -->\n<title>Piercing care - Tattoo Voodoo Studio<\/title>\n<meta name=\"description\" content=\"Service professionnel de tatouage et per\u00e7age \u00e0 Granby. Standards tr\u00e8s \u00e9lev\u00e9s et une \u00e9thique de travail exceptionnelle. Prenez rendez-vous !\" \/>\n<meta name=\"robots\" content=\"index, follow, max-snippet:-1, max-image-preview:large, max-video-preview:-1\" \/>\n<link rel=\"canonical\" href=\"https:\/\/tattoovoodoo.com\/en\/piercing-care\/\" \/>\n<meta property=\"og:locale\" content=\"en_US\" \/>\n<meta property=\"og:type\" content=\"article\" \/>\n<meta property=\"og:title\" content=\"Piercing care - Tattoo Voodoo Studio\" \/>\n<meta property=\"og:description\" content=\"Service professionnel de tatouage et per\u00e7age \u00e0 Granby. Standards tr\u00e8s \u00e9lev\u00e9s et une \u00e9thique de travail exceptionnelle. Prenez rendez-vous !\" \/>\n<meta property=\"og:url\" content=\"https:\/\/tattoovoodoo.com\/en\/piercing-care\/\" \/>\n<meta property=\"og:site_name\" content=\"Tattoo Voodoo Studio\" \/>\n<meta property=\"article:publisher\" content=\"https:\/\/www.facebook.com\/TATTOO-VOODOO-213108662213\/\" \/>\n<meta property=\"article:modified_time\" content=\"2022-01-28T17:12:53+00:00\" \/>\n<meta property=\"og:image\" content=\"https:\/\/tattoovoodoo.com\/wp-content\/uploads\/logo-tattoo-voodoo-og-2023.png\" \/>\n\t<meta property=\"og:image:width\" content=\"1200\" \/>\n\t<meta property=\"og:image:height\" content=\"630\" \/>\n\t<meta property=\"og:image:type\" content=\"image\/png\" \/>\n<meta name=\"twitter:card\" content=\"summary_large_image\" \/>\n<meta name=\"twitter:label1\" content=\"Est. reading time\" \/>\n\t<meta name=\"twitter:data1\" content=\"2 minutes\" \/>\n<script type=\"application\/ld+json\" class=\"yoast-schema-graph\">{\"@context\":\"https:\\\/\\\/schema.org\",\"@graph\":[{\"@type\":\"WebPage\",\"@id\":\"https:\\\/\\\/tattoovoodoo.com\\\/en\\\/piercing-care\\\/\",\"url\":\"https:\\\/\\\/tattoovoodoo.com\\\/en\\\/piercing-care\\\/\",\"name\":\"Piercing care - Tattoo Voodoo Studio\",\"isPartOf\":{\"@id\":\"https:\\\/\\\/tattoovoodoo.com\\\/#website\"},\"datePublished\":\"2019-02-14T03:32:35+00:00\",\"dateModified\":\"2022-01-28T17:12:53+00:00\",\"description\":\"Service professionnel de tatouage et per\u00e7age \u00e0 Granby. Standards tr\u00e8s \u00e9lev\u00e9s et une \u00e9thique de travail exceptionnelle. Prenez rendez-vous !\",\"breadcrumb\":{\"@id\":\"https:\\\/\\\/tattoovoodoo.com\\\/en\\\/piercing-care\\\/#breadcrumb\"},\"inLanguage\":\"en-CA\",\"potentialAction\":[{\"@type\":\"ReadAction\",\"target\":[\"https:\\\/\\\/tattoovoodoo.com\\\/en\\\/piercing-care\\\/\"]}]},{\"@type\":\"BreadcrumbList\",\"@id\":\"https:\\\/\\\/tattoovoodoo.com\\\/en\\\/piercing-care\\\/#breadcrumb\",\"itemListElement\":[{\"@type\":\"ListItem\",\"position\":1,\"name\":\"Accueil\",\"item\":\"https:\\\/\\\/tattoovoodoo.com\\\/en\\\/\"},{\"@type\":\"ListItem\",\"position\":2,\"name\":\"Piercing care\"}]},{\"@type\":\"WebSite\",\"@id\":\"https:\\\/\\\/tattoovoodoo.com\\\/#website\",\"url\":\"https:\\\/\\\/tattoovoodoo.com\\\/\",\"name\":\"Tattoo Voodoo Studio\",\"description\":\"since 1993\",\"publisher\":{\"@id\":\"https:\\\/\\\/tattoovoodoo.com\\\/#organization\"},\"potentialAction\":[{\"@type\":\"SearchAction\",\"target\":{\"@type\":\"EntryPoint\",\"urlTemplate\":\"https:\\\/\\\/tattoovoodoo.com\\\/?s={search_term_string}\"},\"query-input\":{\"@type\":\"PropertyValueSpecification\",\"valueRequired\":true,\"valueName\":\"search_term_string\"}}],\"inLanguage\":\"en-CA\"},{\"@type\":\"Organization\",\"@id\":\"https:\\\/\\\/tattoovoodoo.com\\\/#organization\",\"name\":\"Tattoo Voodoo Studio\",\"url\":\"https:\\\/\\\/tattoovoodoo.com\\\/\",\"logo\":{\"@type\":\"ImageObject\",\"inLanguage\":\"en-CA\",\"@id\":\"https:\\\/\\\/tattoovoodoo.com\\\/#\\\/schema\\\/logo\\\/image\\\/\",\"url\":\"https:\\\/\\\/tattoovoodoo.com\\\/wp-content\\\/uploads\\\/logo-tattoo-voodoo.jpg\",\"contentUrl\":\"https:\\\/\\\/tattoovoodoo.com\\\/wp-content\\\/uploads\\\/logo-tattoo-voodoo.jpg\",\"width\":1200,\"height\":630,\"caption\":\"Tattoo Voodoo Studio\"},\"image\":{\"@id\":\"https:\\\/\\\/tattoovoodoo.com\\\/#\\\/schema\\\/logo\\\/image\\\/\"},\"sameAs\":[\"https:\\\/\\\/www.facebook.com\\\/TATTOO-VOODOO-213108662213\\\/\",\"https:\\\/\\\/www.instagram.com\\\/TATTOO_VOODOO_GRANBY\"]}]}<\/script>\n<!-- \/ Yoast SEO plugin. -->","yoast_head_json":{"title":"Piercing care - Tattoo Voodoo Studio","description":"Service professionnel de tatouage et per\u00e7age \u00e0 Granby. Standards tr\u00e8s \u00e9lev\u00e9s et une \u00e9thique de travail exceptionnelle. Prenez rendez-vous !","robots":{"index":"index","follow":"follow","max-snippet":"max-snippet:-1","max-image-preview":"max-image-preview:large","max-video-preview":"max-video-preview:-1"},"canonical":"https:\/\/tattoovoodoo.com\/en\/piercing-care\/","og_locale":"en_US","og_type":"article","og_title":"Piercing care - Tattoo Voodoo Studio","og_description":"Service professionnel de tatouage et per\u00e7age \u00e0 Granby. Standards tr\u00e8s \u00e9lev\u00e9s et une \u00e9thique de travail exceptionnelle. Prenez rendez-vous !","og_url":"https:\/\/tattoovoodoo.com\/en\/piercing-care\/","og_site_name":"Tattoo Voodoo Studio","article_publisher":"https:\/\/www.facebook.com\/TATTOO-VOODOO-213108662213\/","article_modified_time":"2022-01-28T17:12:53+00:00","og_image":[{"width":1200,"height":630,"url":"https:\/\/tattoovoodoo.com\/wp-content\/uploads\/logo-tattoo-voodoo-og-2023.png","type":"image\/png"}],"twitter_card":"summary_large_image","twitter_misc":{"Est. reading time":"2 minutes"},"schema":{"@context":"https:\/\/schema.org","@graph":[{"@type":"WebPage","@id":"https:\/\/tattoovoodoo.com\/en\/piercing-care\/","url":"https:\/\/tattoovoodoo.com\/en\/piercing-care\/","name":"Piercing care - Tattoo Voodoo Studio","isPartOf":{"@id":"https:\/\/tattoovoodoo.com\/#website"},"datePublished":"2019-02-14T03:32:35+00:00","dateModified":"2022-01-28T17:12:53+00:00","description":"Service professionnel de tatouage et per\u00e7age \u00e0 Granby. Standards tr\u00e8s \u00e9lev\u00e9s et une \u00e9thique de travail exceptionnelle. Prenez rendez-vous !","breadcrumb":{"@id":"https:\/\/tattoovoodoo.com\/en\/piercing-care\/#breadcrumb"},"inLanguage":"en-CA","potentialAction":[{"@type":"ReadAction","target":["https:\/\/tattoovoodoo.com\/en\/piercing-care\/"]}]},{"@type":"BreadcrumbList","@id":"https:\/\/tattoovoodoo.com\/en\/piercing-care\/#breadcrumb","itemListElement":[{"@type":"ListItem","position":1,"name":"Accueil","item":"https:\/\/tattoovoodoo.com\/en\/"},{"@type":"ListItem","position":2,"name":"Piercing care"}]},{"@type":"WebSite","@id":"https:\/\/tattoovoodoo.com\/#website","url":"https:\/\/tattoovoodoo.com\/","name":"Tattoo Voodoo Studio","description":"since 1993","publisher":{"@id":"https:\/\/tattoovoodoo.com\/#organization"},"potentialAction":[{"@type":"SearchAction","target":{"@type":"EntryPoint","urlTemplate":"https:\/\/tattoovoodoo.com\/?s={search_term_string}"},"query-input":{"@type":"PropertyValueSpecification","valueRequired":true,"valueName":"search_term_string"}}],"inLanguage":"en-CA"},{"@type":"Organization","@id":"https:\/\/tattoovoodoo.com\/#organization","name":"Tattoo Voodoo Studio","url":"https:\/\/tattoovoodoo.com\/","logo":{"@type":"ImageObject","inLanguage":"en-CA","@id":"https:\/\/tattoovoodoo.com\/#\/schema\/logo\/image\/","url":"https:\/\/tattoovoodoo.com\/wp-content\/uploads\/logo-tattoo-voodoo.jpg","contentUrl":"https:\/\/tattoovoodoo.com\/wp-content\/uploads\/logo-tattoo-voodoo.jpg","width":1200,"height":630,"caption":"Tattoo Voodoo Studio"},"image":{"@id":"https:\/\/tattoovoodoo.com\/#\/schema\/logo\/image\/"},"sameAs":["https:\/\/www.facebook.com\/TATTOO-VOODOO-213108662213\/","https:\/\/www.instagram.com\/TATTOO_VOODOO_GRANBY"]}]}},"_links":{"self":[{"href":"https:\/\/tattoovoodoo.com\/en\/wp-json\/wp\/v2\/pages\/7351","targetHints":{"allow":["GET"]}}],"collection":[{"href":"https:\/\/tattoovoodoo.com\/en\/wp-json\/wp\/v2\/pages"}],"about":[{"href":"https:\/\/tattoovoodoo.com\/en\/wp-json\/wp\/v2\/types\/page"}],"author":[{"embeddable":true,"href":"https:\/\/tattoovoodoo.com\/en\/wp-json\/wp\/v2\/users\/1"}],"replies":[{"embeddable":true,"href":"https:\/\/tattoovoodoo.com\/en\/wp-json\/wp\/v2\/comments?post=7351"}],"version-history":[{"count":0,"href":"https:\/\/tattoovoodoo.com\/en\/wp-json\/wp\/v2\/pages\/7351\/revisions"}],"wp:attachment":[{"href":"https:\/\/tattoovoodoo.com\/en\/wp-json\/wp\/v2\/media?parent=7351"}],"curies":[{"name":"wp","href":"https:\/\/api.w.org\/{rel}","templated":true}]}}