{"id":7610,"date":"2019-11-11T13:28:13","date_gmt":"2019-11-11T18:28:13","guid":{"rendered":"https:\/\/tattoovoodoo.com\/?page_id=7610"},"modified":"2025-11-07T13:16:30","modified_gmt":"2025-11-07T18:16:30","slug":"leonie-hebert","status":"publish","type":"page","link":"https:\/\/tattoovoodoo.com\/en\/leonie-hebert\/","title":{"rendered":"L\u00e9onie H\u00e9bert"},"content":{"rendered":"<div class=\"wpb-content-wrapper\"><p>[vc_row equal_height=&#8221;&#8221; background_type=&#8221;image&#8221; background_img_lazyload=&#8221;1&#8243; add_overlay=&#8221;yes&#8221; overlay_opacity=&#8221;60&#8243; shift_y=&#8221;0&#8243; z_index=&#8221;0&#8243; min_height=&#8221;20&#8243;][vc_column][vc_empty_space height=&#8221;40px&#8221;][vc_custom_heading text=&#8221;L\u00e9onie H\u00e9bert&#8221; font_size=&#8221;54&#8243; color=&#8221;accent&#8221; font_weight=&#8221;400&#8243; text_transform=&#8221;uppercase&#8221; letter_spacing=&#8221;1&#8243; css=&#8221;.vc_custom_1573495689855{margin-bottom: -20px !important;}&#8221;][\/vc_column][\/vc_row][vc_row columns_placement=&#8221;bottom&#8221; equal_height=&#8221;&#8221; content_placement=&#8221;bottom&#8221; background_type=&#8221;image&#8221; background_size=&#8221;default&#8221; background_effect=&#8221;parallax&#8221; background_img_lazyload=&#8221;&#8221; add_overlay=&#8221;yes&#8221; overlay_opacity=&#8221;60&#8243; shift_y=&#8221;0&#8243; z_index=&#8221;0&#8243; min_height=&#8221;450&#8243; css=&#8221;.vc_custom_1533600761919{margin-top: -40px !important;padding-top: 0px !important;}&#8221;][vc_column content_placement=&#8221;bottom&#8221; width=&#8221;1\/2&#8243; shift_x=&#8221;0&#8243; shift_y=&#8221;0&#8243; z_index=&#8221;0&#8243;][vc_single_image image=&#8221;13618&#8243; img_size=&#8221;600&#215;600&#8243; full_width=&#8221;1&#8243; opacity=&#8221;100&#8243;][vc_empty_space][\/vc_column][vc_column width=&#8221;1\/2&#8243;][vc_column_text]Leonie is currently on maternity leave and will be back in end of 2026<\/p>\n<p>\u2013 Blood borne pathogens (2019)<br \/>\n\u2013 Blood borne pathogens (2023)<\/p>\n<p>For an Future appointment contact her by facebook, instagram our e-mail[\/vc_column_text][wvc_social_icons_custom alignment=&#8221;left&#8221; target=&#8221;_blank&#8221; color=&#8221;accent&#8221; size=&#8221;fa-2x&#8221; hover_effect=&#8221;opacity&#8221; css_animation_each=&#8221;true&#8221; facebook=&#8221;https:\/\/www.facebook.com\/leonieheberttattoo&#8221; instagram=&#8221;https:\/\/www.instagram.com\/leo_tatoueuse\/&#8221; css_animation=&#8221;fadeIn&#8221; email=&#8221;leo.tatoueuse@gmail.com&#8221;][vc_column_text]<span class=\"s1\">SCHEDULE by appointment only<br \/>\nThuesday to saturday<\/span>[\/vc_column_text][\/vc_column][\/vc_row][vc_row equal_height=&#8221;&#8221; font_color=&#8221;dark&#8221; background_type=&#8221;image&#8221; background_img_lazyload=&#8221;1&#8243; add_overlay=&#8221;yes&#8221; overlay_color=&#8221;white&#8221; overlay_opacity=&#8221;100&#8243; shift_y=&#8221;0&#8243; z_index=&#8221;0&#8243; css=&#8221;.vc_custom_1536964076964{margin-top: -80px !important;}&#8221;][vc_column shift_x=&#8221;0&#8243; shift_y=&#8221;0&#8243; z_index=&#8221;0&#8243; css=&#8221;.vc_custom_1533600862300{margin-top: -40px !important;}&#8221;][vc_separator border_style=&#8221;dotted&#8221; color=&#8221;accent&#8221;][vc_gallery type=&#8221;masonry&#8221; slides_per_view=&#8221;3&#8243; hover_effect=&#8221;zoomin&#8221; images=&#8221;12904,12924,12910,12932,12087,12111,12105,12083,11540,11550,11556,11211,11576,12101,11602,11562,11560,11546,11554,11522,11524,11526,11528,11530,11532,11534,11536,12067,12069,12073,12075,12077,12079,12081,12085,12091,12095,12097,12099,12103,12107,12109,12113,12115,12117,12964,12962,12960,12958,12938,12940,12942,12944,12946,12948,12950,12954,12956,12936,12934,12930,12928,12926,12922,12920,12918,12916,12914,12912,12908,12906&#8243;][\/vc_column][\/vc_row]<\/p>\n<\/div>","protected":false},"excerpt":{"rendered":"<p>[vc_row equal_height=&#8221;&#8221; background_type=&#8221;image&#8221; background_img_lazyload=&#8221;1&#8243; add_overlay=&#8221;yes&#8221; overlay_opacity=&#8221;60&#8243; shift_y=&#8221;0&#8243; z_index=&#8221;0&#8243; min_height=&#8221;20&#8243;][vc_column][vc_empty_space height=&#8221;40px&#8221;][vc_custom_heading text=&#8221;L\u00e9onie H\u00e9bert&#8221; font_size=&#8221;54&#8243; color=&#8221;accent&#8221; font_weight=&#8221;400&#8243; text_transform=&#8221;uppercase&#8221; letter_spacing=&#8221;1&#8243; css=&#8221;.vc_custom_1573495689855{margin-bottom: -20px !important;}&#8221;][\/vc_column][\/vc_row][vc_row columns_placement=&#8221;bottom&#8221; equal_height=&#8221;&#8221; content_placement=&#8221;bottom&#8221; background_type=&#8221;image&#8221; background_size=&#8221;default&#8221; background_effect=&#8221;parallax&#8221; background_img_lazyload=&#8221;&#8221; add_overlay=&#8221;yes&#8221; overlay_opacity=&#8221;60&#8243; shift_y=&#8221;0&#8243; z_index=&#8221;0&#8243; min_height=&#8221;450&#8243; css=&#8221;.vc_custom_1533600761919{margin-top: -40px !important;padding-top: 0px !important;}&#8221;][vc_column content_placement=&#8221;bottom&#8221; width=&#8221;1\/2&#8243; shift_x=&#8221;0&#8243; shift_y=&#8221;0&#8243; z_index=&#8221;0&#8243;][vc_single_image image=&#8221;13618&#8243; img_size=&#8221;600&#215;600&#8243; full_width=&#8221;1&#8243; opacity=&#8221;100&#8243;][vc_empty_space][\/vc_column][vc_column width=&#8221;1\/2&#8243;][vc_column_text]Leonie is currently on maternity leave and will be&#8230;<\/p>\n<p><a rel=\"bookmark\" class=\"hares_button_alt wvc-button wvc-button-size-xs\" href=\"https:\/\/tattoovoodoo.com\/en\/leonie-hebert\/\"><span>Continue reading<\/span><\/a><\/p>\n","protected":false},"author":1,"featured_media":0,"parent":0,"menu_order":0,"comment_status":"closed","ping_status":"closed","template":"","meta":{"footnotes":""},"class_list":{"0":"post-7610","1":"page","2":"type-page","3":"status-publish","4":"hentry","5":"entry","6":"clearfix","7":"entry-grid","8":"entry-columns-default","9":"entry-page-module-layout-standard","10":"no-post-thumbnail","11":"entry-page","13":"entry-page-grid"},"yoast_head":"<!-- This site is optimized with the Yoast SEO plugin v27.3 - https:\/\/yoast.com\/product\/yoast-seo-wordpress\/ -->\n<title>L\u00e9onie H\u00e9bert - Tattoo Voodoo Studio<\/title>\n<meta name=\"description\" content=\"Service professionnel de tatouage et per\u00e7age \u00e0 Granby. Standards tr\u00e8s \u00e9lev\u00e9s et une \u00e9thique de travail exceptionnelle. Prenez rendez-vous !\" \/>\n<meta name=\"robots\" content=\"index, follow, max-snippet:-1, max-image-preview:large, max-video-preview:-1\" \/>\n<link rel=\"canonical\" href=\"https:\/\/tattoovoodoo.com\/en\/leonie-hebert\/\" \/>\n<meta property=\"og:locale\" content=\"en_US\" \/>\n<meta property=\"og:type\" content=\"article\" \/>\n<meta property=\"og:title\" content=\"L\u00e9onie H\u00e9bert - Tattoo Voodoo Studio\" \/>\n<meta property=\"og:description\" content=\"Service professionnel de tatouage et per\u00e7age \u00e0 Granby. Standards tr\u00e8s \u00e9lev\u00e9s et une \u00e9thique de travail exceptionnelle. Prenez rendez-vous !\" \/>\n<meta property=\"og:url\" content=\"https:\/\/tattoovoodoo.com\/en\/leonie-hebert\/\" \/>\n<meta property=\"og:site_name\" content=\"Tattoo Voodoo Studio\" \/>\n<meta property=\"article:publisher\" content=\"https:\/\/www.facebook.com\/TATTOO-VOODOO-213108662213\/\" \/>\n<meta property=\"article:modified_time\" content=\"2025-11-07T18:16:30+00:00\" \/>\n<meta property=\"og:image\" content=\"https:\/\/tattoovoodoo.com\/wp-content\/uploads\/logo-tattoo-voodoo-og-2023.png\" \/>\n\t<meta property=\"og:image:width\" content=\"1200\" \/>\n\t<meta property=\"og:image:height\" content=\"630\" \/>\n\t<meta property=\"og:image:type\" content=\"image\/png\" \/>\n<meta name=\"twitter:card\" content=\"summary_large_image\" \/>\n<meta name=\"twitter:label1\" content=\"Est. reading time\" \/>\n\t<meta name=\"twitter:data1\" content=\"1 minute\" \/>\n<script type=\"application\/ld+json\" class=\"yoast-schema-graph\">{\"@context\":\"https:\\\/\\\/schema.org\",\"@graph\":[{\"@type\":\"WebPage\",\"@id\":\"https:\\\/\\\/tattoovoodoo.com\\\/en\\\/leonie-hebert\\\/\",\"url\":\"https:\\\/\\\/tattoovoodoo.com\\\/en\\\/leonie-hebert\\\/\",\"name\":\"L\u00e9onie H\u00e9bert - Tattoo Voodoo Studio\",\"isPartOf\":{\"@id\":\"https:\\\/\\\/tattoovoodoo.com\\\/#website\"},\"datePublished\":\"2019-11-11T18:28:13+00:00\",\"dateModified\":\"2025-11-07T18:16:30+00:00\",\"description\":\"Service professionnel de tatouage et per\u00e7age \u00e0 Granby. Standards tr\u00e8s \u00e9lev\u00e9s et une \u00e9thique de travail exceptionnelle. Prenez rendez-vous !\",\"breadcrumb\":{\"@id\":\"https:\\\/\\\/tattoovoodoo.com\\\/en\\\/leonie-hebert\\\/#breadcrumb\"},\"inLanguage\":\"en-CA\",\"potentialAction\":[{\"@type\":\"ReadAction\",\"target\":[\"https:\\\/\\\/tattoovoodoo.com\\\/en\\\/leonie-hebert\\\/\"]}]},{\"@type\":\"BreadcrumbList\",\"@id\":\"https:\\\/\\\/tattoovoodoo.com\\\/en\\\/leonie-hebert\\\/#breadcrumb\",\"itemListElement\":[{\"@type\":\"ListItem\",\"position\":1,\"name\":\"Accueil\",\"item\":\"https:\\\/\\\/tattoovoodoo.com\\\/en\\\/\"},{\"@type\":\"ListItem\",\"position\":2,\"name\":\"L\u00e9onie H\u00e9bert\"}]},{\"@type\":\"WebSite\",\"@id\":\"https:\\\/\\\/tattoovoodoo.com\\\/#website\",\"url\":\"https:\\\/\\\/tattoovoodoo.com\\\/\",\"name\":\"Tattoo Voodoo Studio\",\"description\":\"since 1993\",\"publisher\":{\"@id\":\"https:\\\/\\\/tattoovoodoo.com\\\/#organization\"},\"potentialAction\":[{\"@type\":\"SearchAction\",\"target\":{\"@type\":\"EntryPoint\",\"urlTemplate\":\"https:\\\/\\\/tattoovoodoo.com\\\/?s={search_term_string}\"},\"query-input\":{\"@type\":\"PropertyValueSpecification\",\"valueRequired\":true,\"valueName\":\"search_term_string\"}}],\"inLanguage\":\"en-CA\"},{\"@type\":\"Organization\",\"@id\":\"https:\\\/\\\/tattoovoodoo.com\\\/#organization\",\"name\":\"Tattoo Voodoo Studio\",\"url\":\"https:\\\/\\\/tattoovoodoo.com\\\/\",\"logo\":{\"@type\":\"ImageObject\",\"inLanguage\":\"en-CA\",\"@id\":\"https:\\\/\\\/tattoovoodoo.com\\\/#\\\/schema\\\/logo\\\/image\\\/\",\"url\":\"https:\\\/\\\/tattoovoodoo.com\\\/wp-content\\\/uploads\\\/logo-tattoo-voodoo.jpg\",\"contentUrl\":\"https:\\\/\\\/tattoovoodoo.com\\\/wp-content\\\/uploads\\\/logo-tattoo-voodoo.jpg\",\"width\":1200,\"height\":630,\"caption\":\"Tattoo Voodoo Studio\"},\"image\":{\"@id\":\"https:\\\/\\\/tattoovoodoo.com\\\/#\\\/schema\\\/logo\\\/image\\\/\"},\"sameAs\":[\"https:\\\/\\\/www.facebook.com\\\/TATTOO-VOODOO-213108662213\\\/\",\"https:\\\/\\\/www.instagram.com\\\/TATTOO_VOODOO_GRANBY\"]}]}<\/script>\n<!-- \/ Yoast SEO plugin. -->","yoast_head_json":{"title":"L\u00e9onie H\u00e9bert - Tattoo Voodoo Studio","description":"Service professionnel de tatouage et per\u00e7age \u00e0 Granby. Standards tr\u00e8s \u00e9lev\u00e9s et une \u00e9thique de travail exceptionnelle. Prenez rendez-vous !","robots":{"index":"index","follow":"follow","max-snippet":"max-snippet:-1","max-image-preview":"max-image-preview:large","max-video-preview":"max-video-preview:-1"},"canonical":"https:\/\/tattoovoodoo.com\/en\/leonie-hebert\/","og_locale":"en_US","og_type":"article","og_title":"L\u00e9onie H\u00e9bert - Tattoo Voodoo Studio","og_description":"Service professionnel de tatouage et per\u00e7age \u00e0 Granby. Standards tr\u00e8s \u00e9lev\u00e9s et une \u00e9thique de travail exceptionnelle. Prenez rendez-vous !","og_url":"https:\/\/tattoovoodoo.com\/en\/leonie-hebert\/","og_site_name":"Tattoo Voodoo Studio","article_publisher":"https:\/\/www.facebook.com\/TATTOO-VOODOO-213108662213\/","article_modified_time":"2025-11-07T18:16:30+00:00","og_image":[{"width":1200,"height":630,"url":"https:\/\/tattoovoodoo.com\/wp-content\/uploads\/logo-tattoo-voodoo-og-2023.png","type":"image\/png"}],"twitter_card":"summary_large_image","twitter_misc":{"Est. reading time":"1 minute"},"schema":{"@context":"https:\/\/schema.org","@graph":[{"@type":"WebPage","@id":"https:\/\/tattoovoodoo.com\/en\/leonie-hebert\/","url":"https:\/\/tattoovoodoo.com\/en\/leonie-hebert\/","name":"L\u00e9onie H\u00e9bert - Tattoo Voodoo Studio","isPartOf":{"@id":"https:\/\/tattoovoodoo.com\/#website"},"datePublished":"2019-11-11T18:28:13+00:00","dateModified":"2025-11-07T18:16:30+00:00","description":"Service professionnel de tatouage et per\u00e7age \u00e0 Granby. Standards tr\u00e8s \u00e9lev\u00e9s et une \u00e9thique de travail exceptionnelle. Prenez rendez-vous !","breadcrumb":{"@id":"https:\/\/tattoovoodoo.com\/en\/leonie-hebert\/#breadcrumb"},"inLanguage":"en-CA","potentialAction":[{"@type":"ReadAction","target":["https:\/\/tattoovoodoo.com\/en\/leonie-hebert\/"]}]},{"@type":"BreadcrumbList","@id":"https:\/\/tattoovoodoo.com\/en\/leonie-hebert\/#breadcrumb","itemListElement":[{"@type":"ListItem","position":1,"name":"Accueil","item":"https:\/\/tattoovoodoo.com\/en\/"},{"@type":"ListItem","position":2,"name":"L\u00e9onie H\u00e9bert"}]},{"@type":"WebSite","@id":"https:\/\/tattoovoodoo.com\/#website","url":"https:\/\/tattoovoodoo.com\/","name":"Tattoo Voodoo Studio","description":"since 1993","publisher":{"@id":"https:\/\/tattoovoodoo.com\/#organization"},"potentialAction":[{"@type":"SearchAction","target":{"@type":"EntryPoint","urlTemplate":"https:\/\/tattoovoodoo.com\/?s={search_term_string}"},"query-input":{"@type":"PropertyValueSpecification","valueRequired":true,"valueName":"search_term_string"}}],"inLanguage":"en-CA"},{"@type":"Organization","@id":"https:\/\/tattoovoodoo.com\/#organization","name":"Tattoo Voodoo Studio","url":"https:\/\/tattoovoodoo.com\/","logo":{"@type":"ImageObject","inLanguage":"en-CA","@id":"https:\/\/tattoovoodoo.com\/#\/schema\/logo\/image\/","url":"https:\/\/tattoovoodoo.com\/wp-content\/uploads\/logo-tattoo-voodoo.jpg","contentUrl":"https:\/\/tattoovoodoo.com\/wp-content\/uploads\/logo-tattoo-voodoo.jpg","width":1200,"height":630,"caption":"Tattoo Voodoo Studio"},"image":{"@id":"https:\/\/tattoovoodoo.com\/#\/schema\/logo\/image\/"},"sameAs":["https:\/\/www.facebook.com\/TATTOO-VOODOO-213108662213\/","https:\/\/www.instagram.com\/TATTOO_VOODOO_GRANBY"]}]}},"_links":{"self":[{"href":"https:\/\/tattoovoodoo.com\/en\/wp-json\/wp\/v2\/pages\/7610","targetHints":{"allow":["GET"]}}],"collection":[{"href":"https:\/\/tattoovoodoo.com\/en\/wp-json\/wp\/v2\/pages"}],"about":[{"href":"https:\/\/tattoovoodoo.com\/en\/wp-json\/wp\/v2\/types\/page"}],"author":[{"embeddable":true,"href":"https:\/\/tattoovoodoo.com\/en\/wp-json\/wp\/v2\/users\/1"}],"replies":[{"embeddable":true,"href":"https:\/\/tattoovoodoo.com\/en\/wp-json\/wp\/v2\/comments?post=7610"}],"version-history":[{"count":3,"href":"https:\/\/tattoovoodoo.com\/en\/wp-json\/wp\/v2\/pages\/7610\/revisions"}],"predecessor-version":[{"id":13626,"href":"https:\/\/tattoovoodoo.com\/en\/wp-json\/wp\/v2\/pages\/7610\/revisions\/13626"}],"wp:attachment":[{"href":"https:\/\/tattoovoodoo.com\/en\/wp-json\/wp\/v2\/media?parent=7610"}],"curies":[{"name":"wp","href":"https:\/\/api.w.org\/{rel}","templated":true}]}}