{"id":8837,"date":"2020-05-15T13:40:56","date_gmt":"2020-05-15T17:40:56","guid":{"rendered":"https:\/\/tattoovoodoo.com\/?post_type=product&#038;p=8837"},"modified":"2025-02-03T20:19:19","modified_gmt":"2025-02-04T01:19:19","slug":"recovery-eau-saline-spray","status":"publish","type":"product","link":"https:\/\/tattoovoodoo.com\/en\/boutique\/soins\/recovery-eau-saline-spray\/","title":{"rendered":"Recovery Eau Saline en spray"},"excerpt":{"rendered":"<p><strong>Cannettes de 1.5 oz<\/strong><\/p>\n<p>La solution saline purifi\u00e9e de Recovery Aftercare aide le processus de gu\u00e9rison des nouveaux piercings en \u00e9liminant toute d\u00e9charge, salet\u00e9 et d\u00e9bris. Elle nettoie les nouveaux per\u00e7ages pour qu&#8217;ils puissent gu\u00e9rir correctement. Elle peut \u00e9galement \u00eatre utilis\u00e9e pour revigorer les vieux per\u00e7ages qui deviennent irrit\u00e9s.<\/p>\n<p>Cette solution saline purifi\u00e9e procure une sensation apaisante et fra\u00eeche sur la peau. Ce nettoyant salin de Recovery Aftercare est livr\u00e9 dans une cannette de 1.5 oz sc\u00e9ll\u00e9e herm\u00e9tiquement pour pr\u00e9venir toute contamination crois\u00e9e. Les cannettes sont recyclables \u00e0 99.5%<\/p>\n<p>Les ingr\u00e9dients de ce nettoyant salin se r\u00e9sume \u00e0 de l&#8217;eau purifi\u00e9 et 0.9% de chlorure de sodium. Aucuns CFC, m\u00e9dicaments, conservateurs ou additifs.<\/p>\n","protected":false},"featured_media":8838,"template":"","meta":[],"product_brand":[],"product_cat":[58],"product_tag":[],"class_list":{"0":"post-8837","1":"product","2":"type-product","3":"status-publish","4":"has-post-thumbnail","6":"product_cat-soins","7":"entry","8":"clearfix","9":"entry-grid","10":"entry-columns-3","11":"entry-product-module-layout-sidebar-left","12":"thumbnail-color-tone-light","13":"entry-product","14":"entry-grid_overlay","15":"entry-product-grid_overlay","17":"first","18":"instock","19":"taxable","20":"shipping-taxable","21":"purchasable","22":"product-type-simple"},"yoast_head":"<!-- This site is optimized with the Yoast SEO plugin v27.6 - https:\/\/yoast.com\/product\/yoast-seo-wordpress\/ -->\n<title>Recovery Eau Saline en spray - Tattoo Voodoo Studio<\/title>\n<meta name=\"robots\" content=\"index, follow, max-snippet:-1, max-image-preview:large, max-video-preview:-1\" \/>\n<link rel=\"canonical\" href=\"https:\/\/tattoovoodoo.com\/boutique\/soins\/recovery-eau-saline-spray\/\" \/>\n<meta property=\"og:locale\" content=\"en_US\" \/>\n<meta property=\"og:type\" content=\"article\" \/>\n<meta property=\"og:title\" content=\"Recovery Eau Saline en spray - Tattoo Voodoo Studio\" \/>\n<meta property=\"og:description\" content=\"Cannettes de 1.5 oz  La solution saline purifi\u00e9e de Recovery Aftercare aide le processus de gu\u00e9rison des nouveaux piercings en \u00e9liminant toute d\u00e9charge, salet\u00e9 et d\u00e9bris. Elle nettoie les nouveaux per\u00e7ages pour qu&#039;ils puissent gu\u00e9rir correctement. Elle peut \u00e9galement \u00eatre utilis\u00e9e pour revigorer les vieux per\u00e7ages qui deviennent irrit\u00e9s.  Cette solution saline purifi\u00e9e procure une sensation apaisante et fra\u00eeche sur la peau. Ce nettoyant salin de Recovery Aftercare est livr\u00e9 dans une cannette de 1.5 oz sc\u00e9ll\u00e9e herm\u00e9tiquement pour pr\u00e9venir toute contamination crois\u00e9e. Les cannettes sont recyclables \u00e0 99.5%  Les ingr\u00e9dients de ce nettoyant salin se r\u00e9sume \u00e0 de l&#039;eau purifi\u00e9 et 0.9% de chlorure de sodium. Aucuns CFC, m\u00e9dicaments, conservateurs ou additifs.\" \/>\n<meta property=\"og:url\" content=\"https:\/\/tattoovoodoo.com\/boutique\/soins\/recovery-eau-saline-spray\/\" \/>\n<meta property=\"og:site_name\" content=\"Tattoo Voodoo Studio\" \/>\n<meta property=\"article:publisher\" content=\"https:\/\/www.facebook.com\/TATTOO-VOODOO-213108662213\/\" \/>\n<meta property=\"article:modified_time\" content=\"2025-02-04T01:19:19+00:00\" \/>\n<meta property=\"og:image\" content=\"https:\/\/tattoovoodoo.com\/wp-content\/uploads\/saline-wash.jpg\" \/>\n\t<meta property=\"og:image:width\" content=\"1000\" \/>\n\t<meta property=\"og:image:height\" content=\"667\" \/>\n\t<meta property=\"og:image:type\" content=\"image\/jpeg\" \/>\n<meta name=\"twitter:card\" content=\"summary_large_image\" \/>\n<script type=\"application\/ld+json\" class=\"yoast-schema-graph\">{\"@context\":\"https:\\\/\\\/schema.org\",\"@graph\":[{\"@type\":\"WebPage\",\"@id\":\"https:\\\/\\\/tattoovoodoo.com\\\/boutique\\\/soins\\\/recovery-eau-saline-spray\\\/\",\"url\":\"https:\\\/\\\/tattoovoodoo.com\\\/boutique\\\/soins\\\/recovery-eau-saline-spray\\\/\",\"name\":\"Recovery Eau Saline en spray - Tattoo Voodoo Studio\",\"isPartOf\":{\"@id\":\"https:\\\/\\\/tattoovoodoo.com\\\/#website\"},\"primaryImageOfPage\":{\"@id\":\"https:\\\/\\\/tattoovoodoo.com\\\/boutique\\\/soins\\\/recovery-eau-saline-spray\\\/#primaryimage\"},\"image\":{\"@id\":\"https:\\\/\\\/tattoovoodoo.com\\\/boutique\\\/soins\\\/recovery-eau-saline-spray\\\/#primaryimage\"},\"thumbnailUrl\":\"https:\\\/\\\/tattoovoodoo.com\\\/wp-content\\\/uploads\\\/saline-wash.jpg\",\"datePublished\":\"2020-05-15T17:40:56+00:00\",\"dateModified\":\"2025-02-04T01:19:19+00:00\",\"breadcrumb\":{\"@id\":\"https:\\\/\\\/tattoovoodoo.com\\\/boutique\\\/soins\\\/recovery-eau-saline-spray\\\/#breadcrumb\"},\"inLanguage\":\"en-CA\",\"potentialAction\":[{\"@type\":\"ReadAction\",\"target\":[\"https:\\\/\\\/tattoovoodoo.com\\\/boutique\\\/soins\\\/recovery-eau-saline-spray\\\/\"]}]},{\"@type\":\"ImageObject\",\"inLanguage\":\"en-CA\",\"@id\":\"https:\\\/\\\/tattoovoodoo.com\\\/boutique\\\/soins\\\/recovery-eau-saline-spray\\\/#primaryimage\",\"url\":\"https:\\\/\\\/tattoovoodoo.com\\\/wp-content\\\/uploads\\\/saline-wash.jpg\",\"contentUrl\":\"https:\\\/\\\/tattoovoodoo.com\\\/wp-content\\\/uploads\\\/saline-wash.jpg\",\"width\":1000,\"height\":667},{\"@type\":\"BreadcrumbList\",\"@id\":\"https:\\\/\\\/tattoovoodoo.com\\\/boutique\\\/soins\\\/recovery-eau-saline-spray\\\/#breadcrumb\",\"itemListElement\":[{\"@type\":\"ListItem\",\"position\":1,\"name\":\"Accueil\",\"item\":\"https:\\\/\\\/tattoovoodoo.com\\\/en\\\/\"},{\"@type\":\"ListItem\",\"position\":2,\"name\":\"Shop\",\"item\":\"https:\\\/\\\/tattoovoodoo.com\\\/en\\\/shop\\\/\"},{\"@type\":\"ListItem\",\"position\":3,\"name\":\"Recovery Eau Saline en spray\"}]},{\"@type\":\"WebSite\",\"@id\":\"https:\\\/\\\/tattoovoodoo.com\\\/#website\",\"url\":\"https:\\\/\\\/tattoovoodoo.com\\\/\",\"name\":\"Tattoo Voodoo Studio\",\"description\":\"since 1993\",\"publisher\":{\"@id\":\"https:\\\/\\\/tattoovoodoo.com\\\/#organization\"},\"potentialAction\":[{\"@type\":\"SearchAction\",\"target\":{\"@type\":\"EntryPoint\",\"urlTemplate\":\"https:\\\/\\\/tattoovoodoo.com\\\/?s={search_term_string}\"},\"query-input\":{\"@type\":\"PropertyValueSpecification\",\"valueRequired\":true,\"valueName\":\"search_term_string\"}}],\"inLanguage\":\"en-CA\"},{\"@type\":\"Organization\",\"@id\":\"https:\\\/\\\/tattoovoodoo.com\\\/#organization\",\"name\":\"Tattoo Voodoo Studio\",\"url\":\"https:\\\/\\\/tattoovoodoo.com\\\/\",\"logo\":{\"@type\":\"ImageObject\",\"inLanguage\":\"en-CA\",\"@id\":\"https:\\\/\\\/tattoovoodoo.com\\\/#\\\/schema\\\/logo\\\/image\\\/\",\"url\":\"https:\\\/\\\/tattoovoodoo.com\\\/wp-content\\\/uploads\\\/logo-tattoo-voodoo.jpg\",\"contentUrl\":\"https:\\\/\\\/tattoovoodoo.com\\\/wp-content\\\/uploads\\\/logo-tattoo-voodoo.jpg\",\"width\":1200,\"height\":630,\"caption\":\"Tattoo Voodoo Studio\"},\"image\":{\"@id\":\"https:\\\/\\\/tattoovoodoo.com\\\/#\\\/schema\\\/logo\\\/image\\\/\"},\"sameAs\":[\"https:\\\/\\\/www.facebook.com\\\/TATTOO-VOODOO-213108662213\\\/\",\"https:\\\/\\\/www.instagram.com\\\/TATTOO_VOODOO_GRANBY\"]}]}<\/script>\n<!-- \/ Yoast SEO plugin. -->","yoast_head_json":{"title":"Recovery Eau Saline en spray - Tattoo Voodoo Studio","robots":{"index":"index","follow":"follow","max-snippet":"max-snippet:-1","max-image-preview":"max-image-preview:large","max-video-preview":"max-video-preview:-1"},"canonical":"https:\/\/tattoovoodoo.com\/boutique\/soins\/recovery-eau-saline-spray\/","og_locale":"en_US","og_type":"article","og_title":"Recovery Eau Saline en spray - Tattoo Voodoo Studio","og_description":"Cannettes de 1.5 oz  La solution saline purifi\u00e9e de Recovery Aftercare aide le processus de gu\u00e9rison des nouveaux piercings en \u00e9liminant toute d\u00e9charge, salet\u00e9 et d\u00e9bris. Elle nettoie les nouveaux per\u00e7ages pour qu'ils puissent gu\u00e9rir correctement. Elle peut \u00e9galement \u00eatre utilis\u00e9e pour revigorer les vieux per\u00e7ages qui deviennent irrit\u00e9s.  Cette solution saline purifi\u00e9e procure une sensation apaisante et fra\u00eeche sur la peau. Ce nettoyant salin de Recovery Aftercare est livr\u00e9 dans une cannette de 1.5 oz sc\u00e9ll\u00e9e herm\u00e9tiquement pour pr\u00e9venir toute contamination crois\u00e9e. Les cannettes sont recyclables \u00e0 99.5%  Les ingr\u00e9dients de ce nettoyant salin se r\u00e9sume \u00e0 de l'eau purifi\u00e9 et 0.9% de chlorure de sodium. Aucuns CFC, m\u00e9dicaments, conservateurs ou additifs.","og_url":"https:\/\/tattoovoodoo.com\/boutique\/soins\/recovery-eau-saline-spray\/","og_site_name":"Tattoo Voodoo Studio","article_publisher":"https:\/\/www.facebook.com\/TATTOO-VOODOO-213108662213\/","article_modified_time":"2025-02-04T01:19:19+00:00","og_image":[{"width":1000,"height":667,"url":"https:\/\/tattoovoodoo.com\/wp-content\/uploads\/saline-wash.jpg","type":"image\/jpeg"}],"twitter_card":"summary_large_image","schema":{"@context":"https:\/\/schema.org","@graph":[{"@type":"WebPage","@id":"https:\/\/tattoovoodoo.com\/boutique\/soins\/recovery-eau-saline-spray\/","url":"https:\/\/tattoovoodoo.com\/boutique\/soins\/recovery-eau-saline-spray\/","name":"Recovery Eau Saline en spray - Tattoo Voodoo Studio","isPartOf":{"@id":"https:\/\/tattoovoodoo.com\/#website"},"primaryImageOfPage":{"@id":"https:\/\/tattoovoodoo.com\/boutique\/soins\/recovery-eau-saline-spray\/#primaryimage"},"image":{"@id":"https:\/\/tattoovoodoo.com\/boutique\/soins\/recovery-eau-saline-spray\/#primaryimage"},"thumbnailUrl":"https:\/\/tattoovoodoo.com\/wp-content\/uploads\/saline-wash.jpg","datePublished":"2020-05-15T17:40:56+00:00","dateModified":"2025-02-04T01:19:19+00:00","breadcrumb":{"@id":"https:\/\/tattoovoodoo.com\/boutique\/soins\/recovery-eau-saline-spray\/#breadcrumb"},"inLanguage":"en-CA","potentialAction":[{"@type":"ReadAction","target":["https:\/\/tattoovoodoo.com\/boutique\/soins\/recovery-eau-saline-spray\/"]}]},{"@type":"ImageObject","inLanguage":"en-CA","@id":"https:\/\/tattoovoodoo.com\/boutique\/soins\/recovery-eau-saline-spray\/#primaryimage","url":"https:\/\/tattoovoodoo.com\/wp-content\/uploads\/saline-wash.jpg","contentUrl":"https:\/\/tattoovoodoo.com\/wp-content\/uploads\/saline-wash.jpg","width":1000,"height":667},{"@type":"BreadcrumbList","@id":"https:\/\/tattoovoodoo.com\/boutique\/soins\/recovery-eau-saline-spray\/#breadcrumb","itemListElement":[{"@type":"ListItem","position":1,"name":"Accueil","item":"https:\/\/tattoovoodoo.com\/en\/"},{"@type":"ListItem","position":2,"name":"Shop","item":"https:\/\/tattoovoodoo.com\/en\/shop\/"},{"@type":"ListItem","position":3,"name":"Recovery Eau Saline en spray"}]},{"@type":"WebSite","@id":"https:\/\/tattoovoodoo.com\/#website","url":"https:\/\/tattoovoodoo.com\/","name":"Tattoo Voodoo Studio","description":"since 1993","publisher":{"@id":"https:\/\/tattoovoodoo.com\/#organization"},"potentialAction":[{"@type":"SearchAction","target":{"@type":"EntryPoint","urlTemplate":"https:\/\/tattoovoodoo.com\/?s={search_term_string}"},"query-input":{"@type":"PropertyValueSpecification","valueRequired":true,"valueName":"search_term_string"}}],"inLanguage":"en-CA"},{"@type":"Organization","@id":"https:\/\/tattoovoodoo.com\/#organization","name":"Tattoo Voodoo Studio","url":"https:\/\/tattoovoodoo.com\/","logo":{"@type":"ImageObject","inLanguage":"en-CA","@id":"https:\/\/tattoovoodoo.com\/#\/schema\/logo\/image\/","url":"https:\/\/tattoovoodoo.com\/wp-content\/uploads\/logo-tattoo-voodoo.jpg","contentUrl":"https:\/\/tattoovoodoo.com\/wp-content\/uploads\/logo-tattoo-voodoo.jpg","width":1200,"height":630,"caption":"Tattoo Voodoo Studio"},"image":{"@id":"https:\/\/tattoovoodoo.com\/#\/schema\/logo\/image\/"},"sameAs":["https:\/\/www.facebook.com\/TATTOO-VOODOO-213108662213\/","https:\/\/www.instagram.com\/TATTOO_VOODOO_GRANBY"]}]}},"_links":{"self":[{"href":"https:\/\/tattoovoodoo.com\/en\/wp-json\/wp\/v2\/product\/8837","targetHints":{"allow":["GET"]}}],"collection":[{"href":"https:\/\/tattoovoodoo.com\/en\/wp-json\/wp\/v2\/product"}],"about":[{"href":"https:\/\/tattoovoodoo.com\/en\/wp-json\/wp\/v2\/types\/product"}],"wp:featuredmedia":[{"embeddable":true,"href":"https:\/\/tattoovoodoo.com\/en\/wp-json\/wp\/v2\/media\/8838"}],"wp:attachment":[{"href":"https:\/\/tattoovoodoo.com\/en\/wp-json\/wp\/v2\/media?parent=8837"}],"wp:term":[{"taxonomy":"product_brand","embeddable":true,"href":"https:\/\/tattoovoodoo.com\/en\/wp-json\/wp\/v2\/product_brand?post=8837"},{"taxonomy":"product_cat","embeddable":true,"href":"https:\/\/tattoovoodoo.com\/en\/wp-json\/wp\/v2\/product_cat?post=8837"},{"taxonomy":"product_tag","embeddable":true,"href":"https:\/\/tattoovoodoo.com\/en\/wp-json\/wp\/v2\/product_tag?post=8837"}],"curies":[{"name":"wp","href":"https:\/\/api.w.org\/{rel}","templated":true}]}}